{"id":267,"date":"2020-09-16T09:57:42","date_gmt":"2020-09-16T09:57:42","guid":{"rendered":"https:\/\/sanswhiskyculture.com\/?page_id=267"},"modified":"2020-10-01T12:14:38","modified_gmt":"2020-10-01T12:14:38","slug":"koku-sefleri","status":"publish","type":"page","link":"https:\/\/sanswhiskyculture.com\/?page_id=267","title":{"rendered":"Koku Setleri"},"content":{"rendered":"\n<figure class=\"wp-block-image size-large is-resized is-style-rounded\"><img loading=\"lazy\" decoding=\"async\" src=\"https:\/\/sanswhiskyculture.com\/wp-content\/uploads\/2020\/09\/ANK_LR_1024x1024.jpg\" alt=\"\" class=\"wp-image-685\" width=\"626\" height=\"386\"\/><\/figure>\n\n\n\n<p>Koku setleri&#8230;<\/p>\n\n\n\n<div class=\"wp-block-image\"><figure class=\"alignright size-large is-resized\"><img loading=\"lazy\" decoding=\"async\" src=\"https:\/\/sanswhiskyculture.com\/wp-content\/uploads\/2020\/09\/39caea12da81303e12aeea1f9aca317e-746x1024.jpg\" alt=\"\" class=\"wp-image-708\" width=\"338\" height=\"464\" srcset=\"https:\/\/sanswhiskyculture.com\/wp-content\/uploads\/2020\/09\/39caea12da81303e12aeea1f9aca317e-746x1024.jpg 746w, https:\/\/sanswhiskyculture.com\/wp-content\/uploads\/2020\/09\/39caea12da81303e12aeea1f9aca317e-218x300.jpg 218w, https:\/\/sanswhiskyculture.com\/wp-content\/uploads\/2020\/09\/39caea12da81303e12aeea1f9aca317e-768x1054.jpg 768w, https:\/\/sanswhiskyculture.com\/wp-content\/uploads\/2020\/09\/39caea12da81303e12aeea1f9aca317e-600x824.jpg 600w, https:\/\/sanswhiskyculture.com\/wp-content\/uploads\/2020\/09\/39caea12da81303e12aeea1f9aca317e.jpg 831w\" sizes=\"auto, (max-width: 338px) 100vw, 338px\" \/><figcaption><strong>Bira \u00fcreten ke\u015fi\u015fler<\/strong><\/figcaption><\/figure><\/div>\n\n\n\n<p>Bu konuya de\u011finmeden \u00f6nce biraz kokular \u00fczerine biraz konu\u015fmak isterim&#8230;<\/p>\n\n\n\n<p>T\u00fcm medeniyetler kendi i\u00e7ki ve t\u00fct\u00fcn mamullerini; o co\u011frafyan\u0131n verdikleriyle yapm\u0131\u015ft\u0131r. T\u0131pk\u0131 viski yap\u0131m\u0131 i\u00e7in gerekli nemli, so\u011fuk ve ya\u011fmurlu bir iklime ihtiya\u00e7 duyulmas\u0131 ve kullan\u0131lan arpa, vb tah\u0131llar\u0131n o \u00fclkede \u00fcretilebilmesi gibi&#8230;<\/p>\n\n\n\n<p> \u00dcnl\u00fc viski \u00fcstad\u0131, Michael Jackson&#8217; \u0131n  Avrupa&#8217;daki \u015farap ve bira \u00fcreten \u00fclkelerle ilgili &#8221;Co\u011frafyan\u0131n bize verdikleri bu \u00fclkeleri birbirinden bir kemer gibi ay\u0131r\u0131r.&#8221; s\u00f6z\u00fc bizler i\u00e7in bir k\u0131lavuz niteli\u011findedir. <\/p>\n\n\n\n<p>Bunun yan\u0131 s\u0131ra  seyahatler ,ticaret ,g\u00f6\u00e7 ve sava\u015flar ile k\u00fclt\u00fcrel etkile\u015fime ge\u00e7ilmi\u015f toplumlar birbirinden bir\u00e7ok gastronomik  ve alkoll\u00fc i\u00e7ecek \u00e7e\u015fitlili\u011fini \u00f6\u011frenmi\u015ftir.<\/p>\n\n\n\n<p>Buna en g\u00fczel \u00f6rnek ; G\u00fcney Fransa&#8217;da \u015farap \u00fcreten ke\u015fi\u015flerin 1800 l\u00fc y\u0131llar\u0131n ba\u015f\u0131ndaki Frans\u0131z Devrim s\u0131ras\u0131nda s\u0131n\u0131r d\u0131\u015f\u0131 edilmesiyle; Bel\u00e7ika&#8217;da bira \u00fcreten ke\u015fi\u015flerin yan\u0131nda s\u0131\u011f\u0131nmas\u0131d\u0131r. G\u00fcn\u00fcm\u00fczdeki y\u00fcksek alkoll\u00fc ve meyvemsi Bel\u00e7ika Biras\u0131n\u0131n ortaya \u00e7\u0131k\u0131\u015f\u0131; Frans\u0131z ke\u015fi\u015fler ile Bel\u00e7ikal\u0131 ke\u015fi\u015flerin birlikte bira \u00fcretimine ge\u00e7mesi desek yanl\u0131\u015f s\u00f6ylememi\u015f oluruz.<\/p>\n\n\n\n<p>Koku bence insan v\u00fccudundaki en iyi kimyasal tepkimelerden biri&#8230;\u00c7\u00fcnk\u00fc kokusunu alamad\u0131\u011f\u0131m\u0131z bir yeme\u011fin,i\u00e7kinin tad\u0131n\u0131 alamay\u0131z.Hasta oldu\u011fumuzda bize her\u015feyin tats\u0131z gelmesinin sebebi de budur.<\/p>\n\n\n\n<p>\u0130ngiltere&#8217;de bir \u015fef aday\u0131 olan Mary, i\u015fe bisiklet ile giderken bir trafik kazas\u0131 ge\u00e7irir .Beynindeki koku merkezi zarar g\u00f6r\u00fcr ve 2 y\u0131l boyunca hi\u00e7bir \u015feyin tad\u0131n\u0131 alamaz.Hayat\u0131 kabusa d\u00f6nen \u015fef aday\u0131 bir g\u00fcn uyand\u0131\u011f\u0131nda her\u015feyin normale d\u00f6nmesiyle derin bir nefes al\u0131r.<\/p>\n\n\n\n<p>Bununla beraber Birle\u015fik Krall\u0131k&#8217;ta yap\u0131lan deneylerde; kokusunu be\u011fendi\u011fimiz yemekleri ve i\u00e7kileri keyifli bulma olas\u0131l\u0131\u011f\u0131m\u0131z 2 kat fazla; hatta kahve t\u00fcketenlerin, t\u00fcketmeyenlere g\u00f6re koku resept\u00f6rlerinin 2 kat iyi \u00e7al\u0131\u015ft\u0131\u011f\u0131 da ispatlanm\u0131\u015ft\u0131r. Koku yeteneklerini iyi olan ki\u015filerin ayn\u0131 zamanda bir kahve tutkunu olmas\u0131 da tesad\u00fcf de\u011fildir.<\/p>\n\n\n\n<p>\u00dclkemiz kokular ve gastronomi \u00fczerine \u00e7ok zengin bir konumdad\u0131r. \u0130klim \u00e7e\u015fitlili\u011finin nimetleri; viskiden al\u0131nabilecek bir \u00e7ok koku ,tat ve aromay\u0131 bizlere sunmaktad\u0131r. Bu da viski tan\u0131mlamalar\u0131nda bize \u00e7ok b\u00fcy\u00fck yarar sa\u011flar. Viski analizlerindeki en can al\u0131c\u0131 noktalardan biri olan koklama; beyindeki binlerce koku kartlar\u0131ndan do\u011frusunu \u00e7ekebilmektir. Daha \u00f6nce elman\u0131n tad\u0131na bakmam\u0131\u015f  bir insan\u0131n viski tan\u0131mlamas\u0131nda elmadan bahsedebilmesi zordur.<\/p>\n\n\n\n<p>Viski tan\u0131mlamalar\u0131 ; yakla\u015f\u0131k %90-95 oran\u0131ndaki viski \u00fcreticisinin karamel kullanmas\u0131 sebebiyle renk yorumlamalar\u0131ndan ziyade( istisnai durumlar hari\u00e7)  koklama rit\u00fceliyle ba\u015flamaktad\u0131r desek yanl\u0131\u015f s\u00f6ylememi\u015f oluruz.<\/p>\n\n\n\n<p>Bu kadar zengin bir co\u011frafyada m\u00fcmk\u00fcn oldu\u011funda farkl\u0131 kokuyu deneyimlemenin \u00e7ok \u00f6nemli oldu\u011funu d\u00fc\u015f\u00fcn\u00fcyorum.<\/p>\n\n\n\n<p>Bununla beraber; koku yetene\u011fimizi geli\u015ftirmemizin bir di\u011fer yolu ise; koku setleridir. Koku setleri viski d\u0131\u015f\u0131nda \u015farap, konyak, kahve, vb olarak da bulunmaktad\u0131r. \u0130\u00e7erisinde viskinin temel aromalar\u0131 olan \u015fi\u015feler vard\u0131r. Koklayarak bu \u015fi\u015felerde hangi viski aromas\u0131 oldu\u011funu bulmaya \u00e7al\u0131\u015fmak ; keyifli bir oyuna d\u00f6n\u00fc\u015fmektedir.<\/p>\n\n\n\n<p>\u00d6ncelikle k\u00fc\u00e7\u00fck setleri \u00f6neriyorum .\u0130ste\u011fe g\u00f6re ve deneyim kazand\u0131k\u00e7a daha geni\u015f kapsaml\u0131 setlere y\u00f6nelebilirsiniz.<\/p>\n\n\n\n<p><\/p>\n\n\n\n<div class=\"wp-block-group\"><div class=\"wp-block-group__inner-container is-layout-flow wp-block-group-is-layout-flow\">\n<div class=\"wp-block-image\"><figure class=\"aligncenter size-large is-resized\"><img loading=\"lazy\" decoding=\"async\" src=\"https:\/\/sanswhiskyculture.com\/wp-content\/uploads\/2020\/09\/main-qimg-ffc9bdc94f4f3250998226f2de63947e.jpg\" alt=\"\" class=\"wp-image-686\" width=\"404\" height=\"415\" srcset=\"https:\/\/sanswhiskyculture.com\/wp-content\/uploads\/2020\/09\/main-qimg-ffc9bdc94f4f3250998226f2de63947e.jpg 602w, https:\/\/sanswhiskyculture.com\/wp-content\/uploads\/2020\/09\/main-qimg-ffc9bdc94f4f3250998226f2de63947e-292x300.jpg 292w, https:\/\/sanswhiskyculture.com\/wp-content\/uploads\/2020\/09\/main-qimg-ffc9bdc94f4f3250998226f2de63947e-600x616.jpg 600w\" sizes=\"auto, (max-width: 404px) 100vw, 404px\" \/><\/figure><\/div>\n<\/div><\/div>\n\n\n\n<p><\/p>\n","protected":false},"excerpt":{"rendered":"<p>Koku setleri&#8230; Bu konuya de\u011finmeden \u00f6nce biraz kokular \u00fczerine biraz konu\u015fmak isterim&#8230; T\u00fcm medeniyetler kendi i\u00e7ki ve t\u00fct\u00fcn mamullerini; o co\u011frafyan\u0131n verdikleriyle yapm\u0131\u015ft\u0131r. T\u0131pk\u0131 viski yap\u0131m\u0131 i\u00e7in gerekli nemli, so\u011fuk [&hellip;]<\/p>\n","protected":false},"author":1,"featured_media":0,"parent":0,"menu_order":0,"comment_status":"open","ping_status":"closed","template":"","meta":{"_coblocks_attr":"","_coblocks_dimensions":"","_coblocks_responsive_height":"","_coblocks_accordion_ie_support":"","footnotes":""},"class_list":["post-267","page","type-page","status-publish","hentry"],"_links":{"self":[{"href":"https:\/\/sanswhiskyculture.com\/index.php?rest_route=\/wp\/v2\/pages\/267","targetHints":{"allow":["GET"]}}],"collection":[{"href":"https:\/\/sanswhiskyculture.com\/index.php?rest_route=\/wp\/v2\/pages"}],"about":[{"href":"https:\/\/sanswhiskyculture.com\/index.php?rest_route=\/wp\/v2\/types\/page"}],"author":[{"embeddable":true,"href":"https:\/\/sanswhiskyculture.com\/index.php?rest_route=\/wp\/v2\/users\/1"}],"replies":[{"embeddable":true,"href":"https:\/\/sanswhiskyculture.com\/index.php?rest_route=%2Fwp%2Fv2%2Fcomments&post=267"}],"version-history":[{"count":9,"href":"https:\/\/sanswhiskyculture.com\/index.php?rest_route=\/wp\/v2\/pages\/267\/revisions"}],"predecessor-version":[{"id":727,"href":"https:\/\/sanswhiskyculture.com\/index.php?rest_route=\/wp\/v2\/pages\/267\/revisions\/727"}],"wp:attachment":[{"href":"https:\/\/sanswhiskyculture.com\/index.php?rest_route=%2Fwp%2Fv2%2Fmedia&parent=267"}],"curies":[{"name":"wp","href":"https:\/\/api.w.org\/{rel}","templated":true}]}}