{"id":719,"date":"2020-10-01T12:10:32","date_gmt":"2020-10-01T12:10:32","guid":{"rendered":"https:\/\/sanswhiskyculture.com\/?page_id=719"},"modified":"2020-10-01T12:12:56","modified_gmt":"2020-10-01T12:12:56","slug":"irlandalilar","status":"publish","type":"page","link":"https:\/\/sanswhiskyculture.com\/?page_id=719","title":{"rendered":"\u0130rlandal\u0131lar"},"content":{"rendered":"\n<figure class=\"wp-block-image size-large is-resized\"><img loading=\"lazy\" decoding=\"async\" src=\"https:\/\/sanswhiskyculture.com\/wp-content\/uploads\/2020\/10\/42855045_1684069781703538_7662253035095064576_n-1.jpg\" alt=\"\" class=\"wp-image-725\" width=\"351\" height=\"468\" srcset=\"https:\/\/sanswhiskyculture.com\/wp-content\/uploads\/2020\/10\/42855045_1684069781703538_7662253035095064576_n-1.jpg 720w, https:\/\/sanswhiskyculture.com\/wp-content\/uploads\/2020\/10\/42855045_1684069781703538_7662253035095064576_n-1-225x300.jpg 225w, https:\/\/sanswhiskyculture.com\/wp-content\/uploads\/2020\/10\/42855045_1684069781703538_7662253035095064576_n-1-600x800.jpg 600w\" sizes=\"auto, (max-width: 351px) 100vw, 351px\" \/><figcaption><strong>Method Of Madness<\/strong><\/figcaption><\/figure>\n\n\n\n<p id=\"block-29a214fa-f593-4cf6-b066-827873dfa5b3\"><br>Bug\u00fcn \u0130rlandal\u0131lar dan bahsetmek istiyorum&#8230;<br>Dam\u0131t\u0131m tekni\u011fini Arnaldus De Villa Nova adl\u0131 \u0130spanyol seyyah\u0131n Arap Yar\u0131madas\u0131ndan Avrupa\u2019ya getirdi\u011fi bilinmektedir.Bu teknik ile \u00f6nce 1100 l\u00fc y\u0131llarda \u0130rlanda\u2019da viski \u00fcretilmi\u015ftir.<\/p>\n\n\n\n<p id=\"block-96e2e458-8384-4cb4-a32d-db0bac487e4b\">Viski,\u0130rlanda\u2019dan ilk olarak \u0130sko\u00e7ya-\u0130slay Adas\u0131\u2019na; bir klan \u015fefinin k\u0131z\u0131n\u0131n d\u00fc\u011f\u00fcn\u00fc vesilesiyle gelmi\u015ftir.<\/p>\n\n\n\n<p id=\"block-3695198b-55e1-4361-bc15-3fca70e3db27\">&nbsp;Viskiyi \u0130rlandal\u0131lar buldu\u011fu ama \u0130sko\u00e7lar\u0131n m\u00fckemmeliyetle\u015ftirdi\u011fi hususunda bir inan\u0131\u015f vard\u0131r hatta Bourbon u Amerika&#8217;ya g\u00f6\u00e7 eden \u0130rlandal\u0131lar\u0131n \u00f6\u011fretti\u011fi rivaretine mevcuttur.Farkl\u0131 kaynaklarda, 1400\u2019l\u00fc y\u0131llarda hem \u0130rlanda hem de \u0130sko\u00e7ya\u2019da viski \u00fcretildi\u011fine dair yaz\u0131l\u0131 kan\u0131tlara rastl\u0131yoruz.Ancak Elimizdeki viski kelimesinin ge\u00e7ti\u011fi en eski yaz\u0131l\u0131 kan\u0131t 1494 y\u0131l\u0131ndan kalmad\u0131r. Kral 4.James, Lindores Manast\u0131r\u0131 Ke\u015fi\u015fi Jon Cor \u2018a bir cenaze i\u00e7in \u2018\u2019aqua vitea\u2019\u2019 yapmas\u0131n\u0131 emretmi\u015ftir. Bunun i\u00e7in kendisine&nbsp; 8 top (birim) 508 kg malt vermi\u015ftir.<\/p>\n\n\n\n<p id=\"block-a95b166d-d427-47b3-b940-a600451c6339\">&nbsp;17.yy\u2019da t\u00fcm d\u00fcnyada \u0130rlanda viskilerinin, \u0130sko\u00e7 viskilerine k\u0131yasla daha fazla bilinir oldu\u011fu da yine tarihi kay\u0131tlarda tespit edilmi\u015f durumdad\u0131r. \u00d6te yandan D\u00fcnyan\u0131n bilinen \u201cruhsat sahibi\u201d en eski dam\u0131t\u0131m evinin 1608\u2019de Kuzey \u0130rlanda\u2019a kurulmu\u015f olan Old Bushmills oldu\u011funu da eklemek istiyorum.<\/p>\n\n\n\n<p id=\"block-7c053c92-a3ec-4f54-85ef-b21981f2a044\">Daha sonra \u0130rlanda ; \u0130ngiltere &#8216; nin istilas\u0131na u\u011frar ; o d\u00f6nemde lisans\u0131 \u00fcretim yapan dam\u0131t\u0131m evinin say\u0131s\u0131 bir elim parmaklar\u0131n\u0131 ge\u00e7miyordu.<\/p>\n\n\n\n<p id=\"block-b0a08083-d626-4205-b8b7-e85029618b32\">\u0130ngiltere, lisans\u0131z \u00fcretim yapan t\u00fcm dam\u0131t\u0131m evlerinin faaliyetlerini yasaklam\u0131\u015ft\u0131r,<\/p>\n\n\n\n<p id=\"block-9d6b9f59-01f0-47c8-9419-4bab57fd6e66\">\u00dcretim yapabilen \u00fcreticileri ise; \u00e7ok a\u011f\u0131r vergiler bekliyordu,<\/p>\n\n\n\n<p id=\"block-ea2f3188-ccc9-40f5-ae63-6a1bd55e8554\">Bu vergilerin miktar\u0131n\u0131 maltlanm\u0131\u015f arpa miktar\u0131 belirliyordu,<\/p>\n\n\n\n<p id=\"block-e068b4ce-0517-42d3-983f-cc8243d22a68\">Yani ne kadar \u00e7ok maltlanm\u0131\u015f arpa o kadar \u00e7ok vergi anlam\u0131na geliyordu,<\/p>\n\n\n\n<p id=\"block-a7769caa-7e2b-4a27-be94-2fa8af9f1089\">\u0130rlandal\u0131lar; maltlanm\u0131\u015f arpa ile maltlanmam\u0131\u015f arpan\u0131n birlikte kullan\u0131ld\u0131\u011f\u0131 (% 5 oran\u0131nda farkl\u0131 bir tah\u0131l da ilave edilebiliyor) bir viski \u00fcrettiler,<\/p>\n\n\n\n<p id=\"block-0b9594d9-a266-4e4f-8254-6a5bbeac564b\">Ama\u00e7lar\u0131 daha az vergi \u00f6deyip hayatlar\u0131n\u0131 idame ettirmek idi,<\/p>\n\n\n\n<p id=\"block-6f7ad47a-e41d-4edc-9e8c-57c3758819cc\">Ancak tesad\u00fcfen \u2018\u2019SINGLE POT STILL \u2019\u2019 viskiyi icat etmi\u015f oldular.<\/p>\n\n\n\n<p id=\"block-205c79bb-cd05-48ad-b808-05a2f3131ebb\">Bug\u00fcn Redbreast, Greenspot, Redspot, Yellowspot, Method Of Madness, Midleton vb gibi D\u00fcnya\u2019n\u0131n en ilgin\u00e7 viskilerinden baz\u0131lar\u0131n\u0131 i\u00e7ebiliyorsak; nas\u0131l bulundu\u011funu da bilmek en do\u011fan hakk\u0131m\u0131z oldu\u011funu d\u00fc\u015f\u00fcn\u00fcyorum.<\/p>\n\n\n\n<p id=\"block-e4ffa5fd-2133-437f-8285-0b14dac91922\">1830\u2019lar\u0131n ortalar\u0131nda h\u00fckumetin vergi indirimine gitmesi neticesinde yasal dam\u0131t\u0131m evlerinin say\u0131s\u0131 100\u2019e ula\u015f\u0131r. 1850\u2019li y\u0131llarda o kadar b\u00fcy\u00fck ba\u015far\u0131lar elde ederler ki \u0130rlanda viskisinin \u00fcn\u00fc t\u00fcm d\u00fcnyaya yay\u0131l\u0131r. \u0130rlanda&#8217;n\u0131n beni en \u00e7ok kendine \u00e7eken dam\u0131t\u0131m evi Teeling &#8216; dir,\u00e7al\u0131\u015fanlar\u0131na g\u00f6re \u0130rlanda viskisi yapmazlar onlar kendilerine \u00f6zg\u00fc y\u00f6ntemler kullanarak Dublin Viskisi yapt\u0131\u011f\u0131n\u0131 s\u00f6ylerler. Hen\u00fcz farkl\u0131 bir kategori de olduklar\u0131 kabul edilmezken ileriki y\u0131llarda tescillenirse \u0130rlanda viskilerinden ayr\u0131\u015fabilecekler diyebiliriz&#8230;<\/p>\n","protected":false},"excerpt":{"rendered":"<p>Bug\u00fcn \u0130rlandal\u0131lar dan bahsetmek istiyorum&#8230;Dam\u0131t\u0131m tekni\u011fini Arnaldus De Villa Nova adl\u0131 \u0130spanyol seyyah\u0131n Arap Yar\u0131madas\u0131ndan Avrupa\u2019ya getirdi\u011fi bilinmektedir.Bu teknik ile \u00f6nce 1100 l\u00fc y\u0131llarda \u0130rlanda\u2019da viski \u00fcretilmi\u015ftir. Viski,\u0130rlanda\u2019dan ilk olarak [&hellip;]<\/p>\n","protected":false},"author":1,"featured_media":0,"parent":0,"menu_order":0,"comment_status":"closed","ping_status":"closed","template":"","meta":{"_coblocks_attr":"","_coblocks_dimensions":"","_coblocks_responsive_height":"","_coblocks_accordion_ie_support":"","footnotes":""},"class_list":["post-719","page","type-page","status-publish","hentry"],"_links":{"self":[{"href":"https:\/\/sanswhiskyculture.com\/index.php?rest_route=\/wp\/v2\/pages\/719","targetHints":{"allow":["GET"]}}],"collection":[{"href":"https:\/\/sanswhiskyculture.com\/index.php?rest_route=\/wp\/v2\/pages"}],"about":[{"href":"https:\/\/sanswhiskyculture.com\/index.php?rest_route=\/wp\/v2\/types\/page"}],"author":[{"embeddable":true,"href":"https:\/\/sanswhiskyculture.com\/index.php?rest_route=\/wp\/v2\/users\/1"}],"replies":[{"embeddable":true,"href":"https:\/\/sanswhiskyculture.com\/index.php?rest_route=%2Fwp%2Fv2%2Fcomments&post=719"}],"version-history":[{"count":2,"href":"https:\/\/sanswhiskyculture.com\/index.php?rest_route=\/wp\/v2\/pages\/719\/revisions"}],"predecessor-version":[{"id":726,"href":"https:\/\/sanswhiskyculture.com\/index.php?rest_route=\/wp\/v2\/pages\/719\/revisions\/726"}],"wp:attachment":[{"href":"https:\/\/sanswhiskyculture.com\/index.php?rest_route=%2Fwp%2Fv2%2Fmedia&parent=719"}],"curies":[{"name":"wp","href":"https:\/\/api.w.org\/{rel}","templated":true}]}}