{"id":93,"date":"2020-09-14T16:24:47","date_gmt":"2020-09-14T16:24:47","guid":{"rendered":"https:\/\/sanswhiskyculture.com\/?page_id=93"},"modified":"2023-12-27T17:28:07","modified_gmt":"2023-12-27T17:28:07","slug":"hakkimda","status":"publish","type":"page","link":"https:\/\/sanswhiskyculture.com\/?page_id=93","title":{"rendered":"YAZAR HAKKINDA"},"content":{"rendered":"\r\n<div class=\"wp-block-image is-style-default\">\r\n<figure class=\"aligncenter size-full\"><img loading=\"lazy\" decoding=\"async\" class=\"wp-image-1041 aligncenter\" src=\"https:\/\/sanswhiskyculture.com\/wp-content\/uploads\/2021\/10\/240803612_3968849873225506_513000025827146510_n.jpg\" alt=\"\" width=\"439\" height=\"595\" srcset=\"https:\/\/sanswhiskyculture.com\/wp-content\/uploads\/2021\/10\/240803612_3968849873225506_513000025827146510_n.jpg 537w, https:\/\/sanswhiskyculture.com\/wp-content\/uploads\/2021\/10\/240803612_3968849873225506_513000025827146510_n-221x300.jpg 221w\" sizes=\"auto, (max-width: 439px) 100vw, 439px\" \/><\/figure>\r\n<\/div>\r\n\r\n\r\n\r\n<p>\u015ean Eylem Do\u011fan ; \u00fcniversite e\u011fitimini Mu\u011fla \u00dcniversitesi \u0130ktisat B\u00f6l\u00fcm\u00fcnde tamamlam\u0131\u015ft\u0131r. Akabinde Serbest Muhasebeci Mali M\u00fc\u015favirlik s\u0131nav ve staj s\u00fcre\u00e7lerini tamamlay\u0131p SMMM unvan\u0131n\u0131 alm\u0131\u015ft\u0131r. \u015eu anda kendisine ait olan finansal dan\u0131\u015fmanl\u0131k \u015firketini y\u00f6netmektedir.<\/p>\r\n\r\n\r\n\r\n<p>2015 y\u0131l\u0131ndan beri ald\u0131\u011f\u0131 e\u011fitimler, kat\u0131ld\u0131\u011f\u0131 viski gezileri , teorik kaynaklar ve kul\u00fcp etkinlikleriyle viski konusunda kendini geli\u015ftirmi\u015ftir.<\/p>\r\n\r\n\r\n\r\n<p>2017 y\u0131l\u0131nda <strong>\u015ean\u2019s Whisky Culture Spirits Club<\/strong> markas\u0131n\u0131 tescil ettirmi\u015ftir. M\u00fczik ve viski e\u015fle\u015ftirmeli tad\u0131m notlar\u0131 yaz\u0131lar\u0131yla dikkat \u00e7ekmi\u015ftir. <strong>Lagavulin 16: Benimle U\u00e7mak \u0130ster Misin?<\/strong> Ve <strong>The Doors Ve Ardbeg <\/strong>yaz\u0131lar\u0131n\u0131 kaleme alm\u0131\u015ft\u0131r.<\/p>\r\n\r\n\r\n\r\n<p>Wset Spirits Level 2 (English) ve Edinburgh Whisky Academy (EWA) taraf\u0131ndan onayl\u0131 sertifikasyon s\u00fcrecini tamamlam\u0131\u015ft\u0131r. Uluslararas\u0131 e\u011fitim \u00e7al\u0131\u015fmalar\u0131na devam etmektedir.<\/p>\r\n\r\n\r\n\r\n<p>Bir\u00e7ok\u00a0 viski tad\u0131m etkinli\u011fi d\u00fczenlemi\u015f ve bu etkinliklerin mentorlu\u011funu da yapm\u0131\u015ft\u0131r. Viski k\u00fclt\u00fcr\u00fcn\u00fcn geli\u015ftirilmesi konusunda <strong>\u2018\u2019Viskinin Gizemli Yolculu\u011fu\u2019\u2019<\/strong> adl\u0131 e\u011fitimlerini vermeye devam etmektedir.<\/p>\r\n\r\n\r\n\r\n<p>Ayr\u0131ca \u0130thalat ve Dam\u0131t\u0131mevi Dan\u0131\u015fmanl\u0131\u011f\u0131, viski ekspresyon dan\u0131\u015fmanl\u0131\u011f\u0131, koleksiyon ve yat\u0131r\u0131m dan\u0131\u015fmanl\u0131\u011f\u0131 hizmetlerine devam etmektedir.<\/p>\r\n\r\n\r\n\r\n<p>Standart, Premium ve Ultra Premium viski tad\u0131m etkinlikleri, yemek e\u015fle\u015fmeli viski tad\u0131m etkinlikleri, \u00e7ikolata e\u015fle\u015fmeli viski tad\u0131m etkinliklerine devam etmektedir.<\/p>\r\n<p>Ayr\u0131ca \u015ean Eylem Do\u011fan, &#8221; Viskinin Gizemli Yolculu\u011fu &#8221; adl\u0131 viski k\u00fclt\u00fcr kitab\u0131n\u0131 da yazm\u0131\u015ft\u0131r.<\/p>\r\n\r\n\r\n\r\n<p>D\u00fcnya\u2019n\u0131n en eski Gastronomi Derne\u011fi olan\u00a0 <strong>Cha\u00eene Des R\u00f4tisseurs<\/strong> (CDR) ve <strong>The Ordre Mondial Des Gourmets D\u00e9gustateurs<\/strong> (OMGD) \u00fcyesidir.<\/p>\r\n\r\n\r\n\r\n<p>\u015ean Eylem Do\u011fan <strong>Malt Yolculu\u011fu Viski Tad\u0131m Kul\u00fcb\u00fc<\/strong> \u2018 n\u00fcn \u00fcyesidir.<\/p>\r\n\r\n\r\n\r\n<p><strong>Greek Whisky Association<\/strong> (GWA) birli\u011finin ilk ve tek T\u00fcrk \u00fcyesidir.<\/p>\r\n\r\n\r\n\r\n<p><strong>Scotch Malt Whisky Society<\/strong> (SMWS) birli\u011finin \u00fcyesidir.<\/p>\r\n<p><!--more--><\/p>\r\n\r\n\r\n\r\n\r\n\r\n<p><strong><span class=\"uppercase\">Viskiyle Tan\u0131\u015fmam ve Markam\u0131n Do\u011fu\u015fu:<\/span><\/strong><\/p>\r\n\r\n\r\n\r\n<p>Viskiye olan merak\u0131m 2015 y\u0131l\u0131nda bir dostumun Gentleman Jack adl\u0131 viski tavsiyesiyle ba\u015flad\u0131. Daha sonra ikinci tavsiye olarak Talisker 10 adl\u0131 viskiyi edindim. O an ; t\u00fcm benli\u011fimi bir ilham sard\u0131\u2026 \u0130ngiltere ve Amerika\u2019dan viski k\u00fclt\u00fcr\u00fc konusunda yabanc\u0131 kaynaklar almaya ve okumaya ba\u015flad\u0131m. \u0130stanbul\u2019da ald\u0131\u011f\u0131m bir e\u011fitim sonras\u0131nda kendimi \u2018\u2019 Viskinin Gizemli Yolcu\u011fu\u2019\u2019 \u2019nda buldum.<\/p>\r\n\r\n\r\n\r\n<p>Koklad\u0131k\u00e7a ve tatt\u0131k\u00e7a her viskinin bir parmak izi ve \u00a0hikayesi oldu\u011funu g\u00f6rd\u00fcm. Viski benim ilham perim oldu\u2026O ka\u00e7t\u0131 ve ben kovalad\u0131m\u2026<\/p>\r\n\r\n\r\n\r\n<p>Ge\u00e7mi\u015ften beri bir viski bar\u0131m olursa ad\u0131 \u2018\u2019 \u015eAN\u2019S \u2018\u2019 olsun derdim ve markama isim ararken \u2018\u2019Neden viski markam\u0131n ad\u0131 \u015eAN\u2019S olmas\u0131n? \u2019\u2019 dedim. Hem bana \u015fans getirsin hem de bana aidiyet kats\u0131n istedim. Ve 2017 y\u0131l\u0131nda markam\u0131 tescil ettirdim.<\/p>\r\n\r\n\r\n\r\n<p>Viski ile m\u00fczik aras\u0131nda ilgin\u00e7 analizler ve ba\u011flant\u0131lar kurmaya ba\u015flad\u0131\u011f\u0131m\u0131 fark ettim; tad\u0131m notlar\u0131n\u0131 sevdi\u011fim \u015fark\u0131lar\u0131n trafikleriyle a\u00e7\u0131klamaya ba\u015flad\u0131m. Viski ile ilgili \u00e7e\u015fitli yaz\u0131lar kaleme almaya ba\u015flad\u0131m.<\/p>\r\n\r\n\r\n\r\n<p>Uzun s\u00fcren koklama ve damak geli\u015ftirme egzersizleri , yabanc\u0131 kaynaklar , yurt i\u00e7indeki ve yurtd\u0131\u015f\u0131ndaki kul\u00fcp\u00a0 etkile\u015fimleri ve geziler ile birlikte; bildiklerimi viski tutkunlar\u0131yla payla\u015fmak ad\u0131na viski tad\u0131m etkinlikleri d\u00fczenlemeye ba\u015flad\u0131m.<\/p>\r\n\r\n\r\n\r\n<p>Meslek gruplar\u0131na, kurum ve derneklere \u00f6zel, temal\u0131 ve yemek e\u015fle\u015fmeli viski tad\u0131m etkinlikleri d\u00fczenlemeye devam etmekteyim.<\/p>\r\n\r\n\r\n\r\n<p>Pek yak\u0131nda puro ve viski e\u015fle\u015ftirmeli viski tad\u0131m etkinliklerine de ba\u015flayaca\u011f\u0131m.<\/p>\r\n\r\n\r\n\r\n<p>\u00a0Viski k\u00fclt\u00fcr\u00fcn\u00fc geli\u015ftirmek ad\u0131na; yaz\u0131lar\u0131m\u0131 yay\u0131nlay\u0131p \u00e7ok daha fazla viski merakl\u0131s\u0131na ula\u015fabilmek ad\u0131na bu web sitesini kurmay\u0131 d\u00fc\u015f\u00fcnd\u00fcm.<\/p>\r\n\r\n\r\n\r\n<p>Keyifle okuman\u0131z dile\u011fiyle\u2026<\/p>\r\n\r\n\r\n\r\n<p>Sl\u00e0inte\u00a0Mhath&#8230;<\/p>\r\n\r\n\r\n\r\n<p>&nbsp;<\/p>\r\n\r\n\r\n\r\n<p>&nbsp;<\/p>\r\n\r\n\r\n\r\n<p>&nbsp;<\/p>\r\n\r\n\r\n\r\n<p>&nbsp;<\/p>\r\n","protected":false},"excerpt":{"rendered":"<p>\u015ean Eylem Do\u011fan ; \u00fcniversite e\u011fitimini Mu\u011fla \u00dcniversitesi \u0130ktisat B\u00f6l\u00fcm\u00fcnde tamamlam\u0131\u015ft\u0131r. Akabinde Serbest Muhasebeci Mali M\u00fc\u015favirlik s\u0131nav ve staj s\u00fcre\u00e7lerini tamamlay\u0131p SMMM unvan\u0131n\u0131 alm\u0131\u015ft\u0131r. \u015eu anda kendisine ait olan finansal [&hellip;]<\/p>\n","protected":false},"author":1,"featured_media":0,"parent":0,"menu_order":0,"comment_status":"open","ping_status":"closed","template":"","meta":{"_coblocks_attr":"","_coblocks_dimensions":"","_coblocks_responsive_height":"","_coblocks_accordion_ie_support":"","footnotes":""},"class_list":["post-93","page","type-page","status-publish","hentry"],"_links":{"self":[{"href":"https:\/\/sanswhiskyculture.com\/index.php?rest_route=\/wp\/v2\/pages\/93","targetHints":{"allow":["GET"]}}],"collection":[{"href":"https:\/\/sanswhiskyculture.com\/index.php?rest_route=\/wp\/v2\/pages"}],"about":[{"href":"https:\/\/sanswhiskyculture.com\/index.php?rest_route=\/wp\/v2\/types\/page"}],"author":[{"embeddable":true,"href":"https:\/\/sanswhiskyculture.com\/index.php?rest_route=\/wp\/v2\/users\/1"}],"replies":[{"embeddable":true,"href":"https:\/\/sanswhiskyculture.com\/index.php?rest_route=%2Fwp%2Fv2%2Fcomments&post=93"}],"version-history":[{"count":27,"href":"https:\/\/sanswhiskyculture.com\/index.php?rest_route=\/wp\/v2\/pages\/93\/revisions"}],"predecessor-version":[{"id":3031,"href":"https:\/\/sanswhiskyculture.com\/index.php?rest_route=\/wp\/v2\/pages\/93\/revisions\/3031"}],"wp:attachment":[{"href":"https:\/\/sanswhiskyculture.com\/index.php?rest_route=%2Fwp%2Fv2%2Fmedia&parent=93"}],"curies":[{"name":"wp","href":"https:\/\/api.w.org\/{rel}","templated":true}]}}